{"id":272,"date":"2024-07-17T01:54:39","date_gmt":"2024-07-17T01:54:39","guid":{"rendered":"https:\/\/rte.pt\/?page_id=272"},"modified":"2025-04-11T18:04:10","modified_gmt":"2025-04-11T18:04:10","slug":"contactos","status":"publish","type":"page","link":"https:\/\/rte.pt\/pl\/kontakty\/","title":{"rendered":"Kontakt"},"content":{"rendered":"<div id=\"fws_69e404371ba49\"  data-column-margin=\"none\" data-midnight=\"light\"  class=\"wpb_row vc_row-fluid vc_row full-width-section\"  style=\"padding-top: 0px; padding-bottom: 0px; \"><div class=\"row-bg-wrap\" data-bg-animation=\"none\" data-bg-animation-delay=\"\" data-bg-overlay=\"false\"><div class=\"inner-wrap row-bg-layer\" ><div class=\"row-bg viewport-desktop\"  style=\"\"><\/div><\/div><\/div><div class=\"row_col_wrap_12 col span_12 light left\">\n\t<div  class=\"vc_col-sm-6 wpb_column column_container vc_column_container col no-extra-padding inherit_tablet inherit_phone\"  data-padding-pos=\"all\" data-has-bg-color=\"false\" data-bg-color=\"\" data-bg-opacity=\"1\" data-animation=\"\" data-delay=\"0\" >\n\t\t<div class=\"vc_column-inner\" >\n\t\t\t<div class=\"wpb_wrapper\">\n\t\t\t\t<div class=\"img-with-aniamtion-wrap\" data-max-width=\"100%\" data-max-width-mobile=\"default\" data-shadow=\"none\" data-animation=\"none\" >\n      <div class=\"inner\">\n        <div class=\"hover-wrap\"> \n          <div class=\"hover-wrap-inner\">\n            <img loading=\"lazy\" decoding=\"async\" class=\"img-with-animation skip-lazy\" data-delay=\"0\" height=\"1400\" width=\"934\" data-animation=\"none\" src=\"https:\/\/rte.pt\/wp-content\/uploads\/2024\/11\/130.webp\" alt=\"\" srcset=\"https:\/\/rte.pt\/wp-content\/uploads\/2024\/11\/130.webp 934w, https:\/\/rte.pt\/wp-content\/uploads\/2024\/11\/130-200x300.webp 200w, https:\/\/rte.pt\/wp-content\/uploads\/2024\/11\/130-683x1024.webp 683w, https:\/\/rte.pt\/wp-content\/uploads\/2024\/11\/130-768x1151.webp 768w, https:\/\/rte.pt\/wp-content\/uploads\/2024\/11\/130-8x12.webp 8w\" sizes=\"(max-width: 934px) 100vw, 934px\" \/>\n          <\/div>\n        <\/div>\n      <\/div>\n    <\/div>\n\t\t\t<\/div> \n\t\t<\/div>\n\t<\/div> \n\n\t<div style=\" color: #ffffff;\" class=\"vc_col-sm-6 canto-direito-contactos wpb_column column_container vc_column_container col force-tablet-text-align-center force-phone-text-align-center left_padding_desktop_4pct left_padding_tablet_4pct left_padding_phone_4pct top_padding_desktop_4pct top_padding_tablet_4pct top_padding_phone_4pct right_padding_tablet_4pct right_padding_phone_4pct bottom_padding_desktop_4pct bottom_padding_tablet_4pct bottom_padding_phone_4pct\" data-cfc=\"true\" data-using-bg=\"true\" data-padding-pos=\"all\" data-has-bg-color=\"true\" data-bg-color=\"#ff6f00\" data-bg-opacity=\"1\" data-animation=\"\" data-delay=\"0\" >\n\t\t<div class=\"vc_column-inner\" ><div class=\"column-bg-overlay-wrap column-bg-layer\" data-bg-animation=\"none\"><div class=\"column-bg-overlay\" style=\"opacity: 1; background-color: #ff6f00;\"><\/div><\/div>\n\t\t\t<div class=\"wpb_wrapper\">\n\t\t\t\t\n<div class=\"wpb_text_column wpb_content_element\" >\n\t<div class=\"wpb_wrapper\">\n\t\t<h3>Powiedz nam, jak si\u0119 czujesz.<br \/>\nPorozmawiaj z nami!<\/h3>\n\t<\/div>\n<\/div>\n\n\n\n\n\t<div class=\"wpb_content_element\" data-interval=\"0\">\n\t\t<div class=\"wpb_wrapper tabbed clearfix\" data-style=\"vertical_modern\" data-animation=\"\" data-spacing=\"\" data-icon-size=\"24\" data-full-width-line=\"\" data-color-scheme=\"accent-color\" data-alignment=\"left\">\n\t\t\t<ul class=\"wpb_tabs_nav ui-tabs-nav clearfix\"><li class=\"tab-item active-tab\"><a role=\"button\" href=\"#tab-1744394506525-4\" class=\"active-tab\"><span>Portugalia<\/span><\/a><\/li><li class=\"tab-item\"><a role=\"button\" href=\"#tab-1744394506540-0\" ><span>Polska<\/span><\/a><\/li><\/ul>\n\n\t\t\t\n\t\t\t<div id=\"tab-portugal\" data-tab-icon=\"\" class=\"wpb_tab ui-tabs-panel wpb_ui-tabs-hide clearfix\">\n\t\t\t\t<div class=\"wpforms-container wpforms-container-full wpforms-render-modern\" id=\"wpforms-274\"><form id=\"wpforms-form-274\" class=\"wpforms-validate wpforms-form wpforms-ajax-form\" data-formid=\"274\" method=\"post\" enctype=\"multipart\/form-data\" action=\"\/wp-json\/wp\/v2\/pages\/272\" data-token=\"e1805a98046500877dc4ec5300cdd215\" data-token-time=\"1776550967\" data-trp-original-action=\"\/pl\/wp-json\/wp\/v2\/pages\/272?wpforms_form_id=274\"><noscript class=\"wpforms-error-noscript\">Aby wype\u0142ni\u0107 ten formularz, w\u0142\u0105cz obs\u0142ug\u0119 JavaScript w przegl\u0105darce.<\/noscript><div class=\"wpforms-hidden\" id=\"wpforms-error-noscript\">Aby wype\u0142ni\u0107 ten formularz, w\u0142\u0105cz obs\u0142ug\u0119 JavaScript w przegl\u0105darce.<\/div><div class=\"wpforms-field-container\"><div id=\"wpforms-274-field_1-container\" class=\"wpforms-field wpforms-field-name\" data-field-id=\"1\"><label class=\"wpforms-field-label wpforms-label-hide\" for=\"wpforms-274-field_1\" aria-hidden=\"false\">Nazwa <span class=\"wpforms-required-label\" aria-hidden=\"true\">*<\/span><\/label><input type=\"text\" id=\"wpforms-274-field_1\" class=\"wpforms-field-large wpforms-field-required\" name=\"wpforms[fields][1]\" placeholder=\"Nazwa\" aria-errormessage=\"wpforms-274-field_1-error\" required><\/div><div id=\"wpforms-274-field_2-container\" class=\"wpforms-field wpforms-field-email\" data-field-id=\"2\"><label class=\"wpforms-field-label wpforms-label-hide\" for=\"wpforms-274-field_2\" aria-hidden=\"false\">Email <span class=\"wpforms-required-label\" aria-hidden=\"true\">*<\/span><\/label><input type=\"email\" id=\"wpforms-274-field_2\" class=\"wpforms-field-large wpforms-field-required\" name=\"wpforms[fields][2]\" placeholder=\"Email\" spellcheck=\"false\" aria-errormessage=\"wpforms-274-field_2-error\" required><\/div><div id=\"wpforms-274-field_4-container\" class=\"wpforms-field wpforms-field-checkbox wpforms-list-inline wpforms-conditional-trigger\" data-field-id=\"4\"><fieldset><legend class=\"wpforms-field-label\">Tematy<\/legend><ul id=\"wpforms-274-field_4\" data-choice-limit=\"1\"><li class=\"choice-1 depth-1\"><input type=\"checkbox\" id=\"wpforms-274-field_4_1\" data-rule-check-limit=\"true\" name=\"wpforms[fields][4][]\" value=\"Comerciais\" aria-errormessage=\"wpforms-274-field_4_1-error\"  ><label class=\"wpforms-field-label-inline\" for=\"wpforms-274-field_4_1\">Sprzeda\u017c<\/label><\/li><li class=\"choice-2 depth-1\"><input type=\"checkbox\" id=\"wpforms-274-field_4_2\" data-rule-check-limit=\"true\" name=\"wpforms[fields][4][]\" value=\"Recrutamento\" aria-errormessage=\"wpforms-274-field_4_2-error\"  ><label class=\"wpforms-field-label-inline\" for=\"wpforms-274-field_4_2\">Rekrutacja<\/label><\/li><li class=\"choice-3 depth-1\"><input type=\"checkbox\" id=\"wpforms-274-field_4_3\" data-rule-check-limit=\"true\" name=\"wpforms[fields][4][]\" value=\"Outros\" aria-errormessage=\"wpforms-274-field_4_3-error\"  ><label class=\"wpforms-field-label-inline\" for=\"wpforms-274-field_4_3\">Inne<\/label><\/li><\/ul><\/fieldset><\/div><div id=\"wpforms-274-field_5-container\" class=\"wpforms-field wpforms-field-file-upload wpforms-conditional-field wpforms-conditional-show\" data-field-id=\"5\" style=\"display:none;\"><label class=\"wpforms-field-label\" for=\"wpforms-274-field_5\">Do\u0142\u0105cz plik<\/label><div\n\t\tclass=\"wpforms-uploader\"\n\t\tdata-field-id=\"5\"\n\t\tdata-form-id=\"274\"\n\t\tdata-input-name=\"wpforms_274_5\"\n\t\tdata-extensions=\"png,jpg,webm,docx,doc,pdf\"\n\t\tdata-max-size=\"83886080\"\n\t\tdata-max-file-number=\"5\"\n\t\tdata-post-max-size=\"83886080\"\n\t\tdata-max-parallel-uploads=\"4\"\n\t\tdata-parallel-uploads=\"true\"\n\t\tdata-file-chunk-size=\"2097152\">\n\t<div class=\"dz-message\">\n\t\t<svg viewbox=\"0 0 1024 1024\" focusable=\"false\" data-icon=\"inbox\" width=\"50px\" height=\"50px\" fill=\"currentColor\" aria-hidden=\"true\">\n\t\t\t<path d=\"M885.2 446.3l-.2-.8-112.2-285.1c-5-16.1-19.9-27.2-36.8-27.2H281.2c-17 0-32.1 11.3-36.9 27.6L139.4 443l-.3.7-.2.8c-1.3 4.9-1.7 9.9-1 14.8-.1 1.6-.2 3.2-.2 4.8V830a60.9 60.9 0 0 0 60.8 60.8h627.2c33.5 0 60.8-27.3 60.9-60.8V464.1c0-1.3 0-2.6-.1-3.7.4-4.9 0-9.6-1.3-14.1zm-295.8-43l-.3 15.7c-.8 44.9-31.8 75.1-77.1 75.1-22.1 0-41.1-7.1-54.8-20.6S436 441.2 435.6 419l-.3-15.7H229.5L309 210h399.2l81.7 193.3H589.4zm-375 76.8h157.3c24.3 57.1 76 90.8 140.4 90.8 33.7 0 65-9.4 90.3-27.2 22.2-15.6 39.5-37.4 50.7-63.6h156.5V814H214.4V480.1z\"><\/path>\n\t\t<\/svg>\n\t\t<span class=\"modern-title\">Kliknij lub przeci\u0105gnij do tego obszaru pliki przeznaczone do przes\u0142ania.<\/span>\n\n\t\t\t\t\t<span class=\"modern-hint\">Maksymalna liczba przesy\u0142anych plik\u00f3w wynosi 5.<\/span>\n\t\t\t<\/div>\n<\/div>\n<input\n\t\ttype=\"text\"\n\t\tautocomplete=\"off\"\n\t\treadonly\n\t\tclass=\"dropzone-input\"\n\t\tstyle=\"position:absolute!important;clip:rect(0,0,0,0)!important;height:1px!important;width:1px!important;border:0!important;overflow:hidden!important;padding:0!important;margin:0!important;\"\n\t\tid=\"wpforms-274-field_5\"\n\t\tname=\"wpforms_274_5\" \t\tvalue=\"\">\n<\/div><div id=\"wpforms-274-field_3-container\" class=\"wpforms-field wpforms-field-textarea\" data-field-id=\"3\"><label class=\"wpforms-field-label wpforms-label-hide\" for=\"wpforms-274-field_3\" aria-hidden=\"false\">Wiadomo\u015b\u0107 <span class=\"wpforms-required-label\" aria-hidden=\"true\">*<\/span><\/label><textarea id=\"wpforms-274-field_3\" class=\"wpforms-field-small wpforms-field-required\" name=\"wpforms[fields][3]\" placeholder=\"Wiadomo\u015b\u0107\" aria-errormessage=\"wpforms-274-field_3-error\" required><\/textarea><\/div><\/div><!-- .wpforms-field-container --><div class=\"wpforms-submit-container\" ><input type=\"hidden\" name=\"wpforms[id]\" value=\"274\"><input type=\"hidden\" name=\"page_title\" value=\"\"><input type=\"hidden\" name=\"page_url\" value=\"https:\/\/rte.pt\/pl\/wp-json\/wp\/v2\/pages\/272\"><button type=\"submit\" name=\"wpforms[submit]\" id=\"wpforms-submit-274\" class=\"wpforms-submit\" data-alt-text=\"A enviar...\" data-submit-text=\"Enviar mensagem\" aria-live=\"assertive\" value=\"wpforms-submit\">Wy\u015blij wiadomo\u015b\u0107<\/button><img loading=\"lazy\" decoding=\"async\" src=\"https:\/\/rte.pt\/wp-content\/plugins\/wpforms\/assets\/images\/submit-spin.svg\" class=\"wpforms-submit-spinner\" style=\"display: none;\" width=\"26\" height=\"26\" alt=\"Wczytywanie\"><\/div><input type=\"hidden\" name=\"trp-form-language\" value=\"pl\"\/><\/form><\/div>  <!-- .wpforms-container -->\n\t\t\t<\/div> \n\t\t\t<div id=\"tab-polonia\" data-tab-icon=\"\" class=\"wpb_tab ui-tabs-panel wpb_ui-tabs-hide clearfix\">\n\t\t\t\t<div class=\"wpforms-container wpforms-container-full wpforms-render-modern\" id=\"wpforms-389\"><form id=\"wpforms-form-389\" class=\"wpforms-validate wpforms-form wpforms-ajax-form\" data-formid=\"389\" method=\"post\" enctype=\"multipart\/form-data\" action=\"\/wp-json\/wp\/v2\/pages\/272\" data-token=\"a94fd62327f24c191dc6442214e4382f\" data-token-time=\"1776550967\" data-trp-original-action=\"\/pl\/wp-json\/wp\/v2\/pages\/272?wpforms_form_id=389\"><noscript class=\"wpforms-error-noscript\">Aby wype\u0142ni\u0107 ten formularz, w\u0142\u0105cz obs\u0142ug\u0119 JavaScript w przegl\u0105darce.<\/noscript><div class=\"wpforms-hidden\" id=\"wpforms-error-noscript\">Aby wype\u0142ni\u0107 ten formularz, w\u0142\u0105cz obs\u0142ug\u0119 JavaScript w przegl\u0105darce.<\/div><div class=\"wpforms-field-container\"><div id=\"wpforms-389-field_1-container\" class=\"wpforms-field wpforms-field-name\" data-field-id=\"1\"><label class=\"wpforms-field-label wpforms-label-hide\" for=\"wpforms-389-field_1\" aria-hidden=\"false\">Nazwa <span class=\"wpforms-required-label\" aria-hidden=\"true\">*<\/span><\/label><input type=\"text\" id=\"wpforms-389-field_1\" class=\"wpforms-field-large wpforms-field-required\" name=\"wpforms[fields][1]\" placeholder=\"Nazwa\" aria-errormessage=\"wpforms-389-field_1-error\" required><\/div><div id=\"wpforms-389-field_2-container\" class=\"wpforms-field wpforms-field-email\" data-field-id=\"2\"><label class=\"wpforms-field-label wpforms-label-hide\" for=\"wpforms-389-field_2\" aria-hidden=\"false\">Email <span class=\"wpforms-required-label\" aria-hidden=\"true\">*<\/span><\/label><input type=\"email\" id=\"wpforms-389-field_2\" class=\"wpforms-field-large wpforms-field-required\" name=\"wpforms[fields][2]\" placeholder=\"Email\" spellcheck=\"false\" aria-errormessage=\"wpforms-389-field_2-error\" required><\/div><div id=\"wpforms-389-field_4-container\" class=\"wpforms-field wpforms-field-checkbox wpforms-list-inline wpforms-conditional-trigger\" data-field-id=\"4\"><fieldset><legend class=\"wpforms-field-label\">Tematy <span class=\"wpforms-required-label\" aria-hidden=\"true\">*<\/span><\/legend><ul id=\"wpforms-389-field_4\" class=\"wpforms-field-required\"><li class=\"choice-1 depth-1\"><input type=\"checkbox\" id=\"wpforms-389-field_4_1\" name=\"wpforms[fields][4][]\" value=\"Comerciais\" aria-errormessage=\"wpforms-389-field_4_1-error\" required><label class=\"wpforms-field-label-inline\" for=\"wpforms-389-field_4_1\">Sprzeda\u017c<\/label><\/li><li class=\"choice-2 depth-1\"><input type=\"checkbox\" id=\"wpforms-389-field_4_2\" name=\"wpforms[fields][4][]\" value=\"Recrutamento\" aria-errormessage=\"wpforms-389-field_4_2-error\" required><label class=\"wpforms-field-label-inline\" for=\"wpforms-389-field_4_2\">Rekrutacja<\/label><\/li><li class=\"choice-3 depth-1\"><input type=\"checkbox\" id=\"wpforms-389-field_4_3\" name=\"wpforms[fields][4][]\" value=\"Outros\" aria-errormessage=\"wpforms-389-field_4_3-error\" required><label class=\"wpforms-field-label-inline\" for=\"wpforms-389-field_4_3\">Inne<\/label><\/li><\/ul><\/fieldset><\/div><div id=\"wpforms-389-field_5-container\" class=\"wpforms-field wpforms-field-file-upload wpforms-conditional-field wpforms-conditional-show\" data-field-id=\"5\" style=\"display:none;\"><label class=\"wpforms-field-label\" for=\"wpforms-389-field_5\">Przesy\u0142anie plik\u00f3w<\/label><div\n\t\tclass=\"wpforms-uploader\"\n\t\tdata-field-id=\"5\"\n\t\tdata-form-id=\"389\"\n\t\tdata-input-name=\"wpforms_389_5\"\n\t\tdata-extensions=\"png,jpg,webm,docx,doc,pdf\"\n\t\tdata-max-size=\"83886080\"\n\t\tdata-max-file-number=\"5\"\n\t\tdata-post-max-size=\"83886080\"\n\t\tdata-max-parallel-uploads=\"4\"\n\t\tdata-parallel-uploads=\"true\"\n\t\tdata-file-chunk-size=\"2097152\">\n\t<div class=\"dz-message\">\n\t\t<svg viewbox=\"0 0 1024 1024\" focusable=\"false\" data-icon=\"inbox\" width=\"50px\" height=\"50px\" fill=\"currentColor\" aria-hidden=\"true\">\n\t\t\t<path d=\"M885.2 446.3l-.2-.8-112.2-285.1c-5-16.1-19.9-27.2-36.8-27.2H281.2c-17 0-32.1 11.3-36.9 27.6L139.4 443l-.3.7-.2.8c-1.3 4.9-1.7 9.9-1 14.8-.1 1.6-.2 3.2-.2 4.8V830a60.9 60.9 0 0 0 60.8 60.8h627.2c33.5 0 60.8-27.3 60.9-60.8V464.1c0-1.3 0-2.6-.1-3.7.4-4.9 0-9.6-1.3-14.1zm-295.8-43l-.3 15.7c-.8 44.9-31.8 75.1-77.1 75.1-22.1 0-41.1-7.1-54.8-20.6S436 441.2 435.6 419l-.3-15.7H229.5L309 210h399.2l81.7 193.3H589.4zm-375 76.8h157.3c24.3 57.1 76 90.8 140.4 90.8 33.7 0 65-9.4 90.3-27.2 22.2-15.6 39.5-37.4 50.7-63.6h156.5V814H214.4V480.1z\"><\/path>\n\t\t<\/svg>\n\t\t<span class=\"modern-title\">Kliknij lub przeci\u0105gnij do tego obszaru pliki przeznaczone do przes\u0142ania.<\/span>\n\n\t\t\t\t\t<span class=\"modern-hint\">Maksymalna liczba przesy\u0142anych plik\u00f3w wynosi 5.<\/span>\n\t\t\t<\/div>\n<\/div>\n<input\n\t\ttype=\"text\"\n\t\tautocomplete=\"off\"\n\t\treadonly\n\t\tclass=\"dropzone-input\"\n\t\tstyle=\"position:absolute!important;clip:rect(0,0,0,0)!important;height:1px!important;width:1px!important;border:0!important;overflow:hidden!important;padding:0!important;margin:0!important;\"\n\t\tid=\"wpforms-389-field_5\"\n\t\tname=\"wpforms_389_5\" \t\tvalue=\"\">\n<\/div><div id=\"wpforms-389-field_3-container\" class=\"wpforms-field wpforms-field-textarea\" data-field-id=\"3\"><label class=\"wpforms-field-label wpforms-label-hide\" for=\"wpforms-389-field_3\" aria-hidden=\"false\">Wiadomo\u015b\u0107 <span class=\"wpforms-required-label\" aria-hidden=\"true\">*<\/span><\/label><textarea id=\"wpforms-389-field_3\" class=\"wpforms-field-medium wpforms-field-required\" name=\"wpforms[fields][3]\" placeholder=\"Wiadomo\u015b\u0107\" aria-errormessage=\"wpforms-389-field_3-error\" required><\/textarea><\/div><\/div><!-- .wpforms-field-container --><div class=\"wpforms-submit-container\" ><input type=\"hidden\" name=\"wpforms[id]\" value=\"389\"><input type=\"hidden\" name=\"page_title\" value=\"\"><input type=\"hidden\" name=\"page_url\" value=\"https:\/\/rte.pt\/pl\/wp-json\/wp\/v2\/pages\/272\"><button type=\"submit\" name=\"wpforms[submit]\" id=\"wpforms-submit-389\" class=\"wpforms-submit\" data-alt-text=\"Sending...\" data-submit-text=\"Enviar Mensagem\" aria-live=\"assertive\" value=\"wpforms-submit\">Wy\u015blij wiadomo\u015b\u0107<\/button><img loading=\"lazy\" decoding=\"async\" src=\"https:\/\/rte.pt\/wp-content\/plugins\/wpforms\/assets\/images\/submit-spin.svg\" class=\"wpforms-submit-spinner\" style=\"display: none;\" width=\"26\" height=\"26\" alt=\"Wczytywanie\"><\/div><input type=\"hidden\" name=\"trp-form-language\" value=\"pl\"\/><\/form><\/div>  <!-- .wpforms-container -->\n\t\t\t<\/div> \n\t\t<\/div> \n\t<\/div> \n\t\t\t<\/div> \n\t\t<\/div>\n\t<\/div> \n<\/div><\/div>","protected":false},"excerpt":{"rendered":"Powiedz nam, co czujesz. Porozmawiaj z nami! PortugaliaPolska Aby wype\u0142ni\u0107 ten formularz, w\u0142\u0105cz obs\u0142ug\u0119 JavaScript w przegl\u0105darce.Aby wype\u0142ni\u0107 ten formularz, w\u0142\u0105cz obs\u0142ug\u0119 JavaScript w przegl\u0105darce.Name *Email *BusinessSubjectsRecruitingOthersAdd file Kliknij lub przeci\u0105gnij...","protected":false},"author":1,"featured_media":0,"parent":0,"menu_order":0,"comment_status":"closed","ping_status":"closed","template":"","meta":{"footnotes":""},"class_list":["post-272","page","type-page","status-publish"],"yoast_head":"<!-- This site is optimized with the Yoast SEO plugin v24.3 - https:\/\/yoast.com\/wordpress\/plugins\/seo\/ -->\n<title>Contactos - Fale Connosco para Mais Informa\u00e7\u00f5es | RTE<\/title>\n<meta name=\"description\" content=\"Contactos para mais informa\u00e7\u00f5es sobre os nossos servi\u00e7os de montagem e pintura de bicicletas. Estamos dispon\u00edveis em Portugal e na Pol\u00f3nia.\" \/>\n<meta name=\"robots\" content=\"index, follow, max-snippet:-1, max-image-preview:large, max-video-preview:-1\" \/>\n<link rel=\"canonical\" href=\"https:\/\/rte.pt\/pl\/kontakty\/\" \/>\n<meta property=\"og:locale\" content=\"pl_PL\" \/>\n<meta property=\"og:type\" content=\"article\" \/>\n<meta property=\"og:title\" content=\"Contactos - Fale Connosco para Mais Informa\u00e7\u00f5es | RTE\" \/>\n<meta property=\"og:description\" content=\"Contactos para mais informa\u00e7\u00f5es sobre os nossos servi\u00e7os de montagem e pintura de bicicletas. Estamos dispon\u00edveis em Portugal e na Pol\u00f3nia.\" \/>\n<meta property=\"og:url\" content=\"https:\/\/rte.pt\/pl\/kontakty\/\" \/>\n<meta property=\"og:site_name\" content=\"RTE\" \/>\n<meta property=\"article:modified_time\" content=\"2025-04-11T18:04:10+00:00\" \/>\n<meta property=\"og:image\" content=\"https:\/\/rte.pt\/wp-content\/uploads\/2024\/11\/rteportugaldrone-15-1.webp\" \/>\n\t<meta property=\"og:image:width\" content=\"901\" \/>\n\t<meta property=\"og:image:height\" content=\"652\" \/>\n\t<meta property=\"og:image:type\" content=\"image\/webp\" \/>\n<meta name=\"twitter:card\" content=\"summary_large_image\" \/>\n<meta name=\"twitter:label1\" content=\"Szacowany czas czytania\" \/>\n\t<meta name=\"twitter:data1\" content=\"1 minuta\" \/>\n<script type=\"application\/ld+json\" class=\"yoast-schema-graph\">{\"@context\":\"https:\/\/schema.org\",\"@graph\":[{\"@type\":\"WebPage\",\"@id\":\"https:\/\/rte.pt\/contactos\/\",\"url\":\"https:\/\/rte.pt\/contactos\/\",\"name\":\"Contactos - Fale Connosco para Mais Informa\u00e7\u00f5es | RTE\",\"isPartOf\":{\"@id\":\"https:\/\/rte.pt\/#website\"},\"datePublished\":\"2024-07-17T01:54:39+00:00\",\"dateModified\":\"2025-04-11T18:04:10+00:00\",\"description\":\"Contactos para mais informa\u00e7\u00f5es sobre os nossos servi\u00e7os de montagem e pintura de bicicletas. Estamos dispon\u00edveis em Portugal e na Pol\u00f3nia.\",\"breadcrumb\":{\"@id\":\"https:\/\/rte.pt\/contactos\/#breadcrumb\"},\"inLanguage\":\"pl-PL\",\"potentialAction\":[{\"@type\":\"ReadAction\",\"target\":[\"https:\/\/rte.pt\/contactos\/\"]}]},{\"@type\":\"BreadcrumbList\",\"@id\":\"https:\/\/rte.pt\/contactos\/#breadcrumb\",\"itemListElement\":[{\"@type\":\"ListItem\",\"position\":1,\"name\":\"In\u00edcio\",\"item\":\"https:\/\/rte.pt\/\"},{\"@type\":\"ListItem\",\"position\":2,\"name\":\"Contactos\"}]},{\"@type\":\"WebSite\",\"@id\":\"https:\/\/rte.pt\/#website\",\"url\":\"https:\/\/rte.pt\/\",\"name\":\"RTE\",\"description\":\"Delivering Cycling Solutions\",\"potentialAction\":[{\"@type\":\"SearchAction\",\"target\":{\"@type\":\"EntryPoint\",\"urlTemplate\":\"https:\/\/rte.pt\/?s={search_term_string}\"},\"query-input\":{\"@type\":\"PropertyValueSpecification\",\"valueRequired\":true,\"valueName\":\"search_term_string\"}}],\"inLanguage\":\"pl-PL\"}]}<\/script>\n<!-- \/ Yoast SEO plugin. -->","yoast_head_json":{"title":"Contactos - Fale Connosco para Mais Informa\u00e7\u00f5es | RTE","description":"Contactos para mais informa\u00e7\u00f5es sobre os nossos servi\u00e7os de montagem e pintura de bicicletas. Estamos dispon\u00edveis em Portugal e na Pol\u00f3nia.","robots":{"index":"index","follow":"follow","max-snippet":"max-snippet:-1","max-image-preview":"max-image-preview:large","max-video-preview":"max-video-preview:-1"},"canonical":"https:\/\/rte.pt\/pl\/kontakty\/","og_locale":"pl_PL","og_type":"article","og_title":"Contactos - Fale Connosco para Mais Informa\u00e7\u00f5es | RTE","og_description":"Contactos para mais informa\u00e7\u00f5es sobre os nossos servi\u00e7os de montagem e pintura de bicicletas. Estamos dispon\u00edveis em Portugal e na Pol\u00f3nia.","og_url":"https:\/\/rte.pt\/pl\/kontakty\/","og_site_name":"RTE","article_modified_time":"2025-04-11T18:04:10+00:00","og_image":[{"width":901,"height":652,"url":"https:\/\/rte.pt\/wp-content\/uploads\/2024\/11\/rteportugaldrone-15-1.webp","type":"image\/webp"}],"twitter_card":"summary_large_image","twitter_misc":{"Szacowany czas czytania":"1 minuta"},"schema":{"@context":"https:\/\/schema.org","@graph":[{"@type":"WebPage","@id":"https:\/\/rte.pt\/contactos\/","url":"https:\/\/rte.pt\/contactos\/","name":"Contactos - Fale Connosco para Mais Informa\u00e7\u00f5es | RTE","isPartOf":{"@id":"https:\/\/rte.pt\/#website"},"datePublished":"2024-07-17T01:54:39+00:00","dateModified":"2025-04-11T18:04:10+00:00","description":"Contactos para mais informa\u00e7\u00f5es sobre os nossos servi\u00e7os de montagem e pintura de bicicletas. Estamos dispon\u00edveis em Portugal e na Pol\u00f3nia.","breadcrumb":{"@id":"https:\/\/rte.pt\/contactos\/#breadcrumb"},"inLanguage":"pl-PL","potentialAction":[{"@type":"ReadAction","target":["https:\/\/rte.pt\/contactos\/"]}]},{"@type":"BreadcrumbList","@id":"https:\/\/rte.pt\/contactos\/#breadcrumb","itemListElement":[{"@type":"ListItem","position":1,"name":"In\u00edcio","item":"https:\/\/rte.pt\/"},{"@type":"ListItem","position":2,"name":"Contactos"}]},{"@type":"WebSite","@id":"https:\/\/rte.pt\/#website","url":"https:\/\/rte.pt\/","name":"RTE","description":"Delivering Cycling Solutions","potentialAction":[{"@type":"SearchAction","target":{"@type":"EntryPoint","urlTemplate":"https:\/\/rte.pt\/?s={search_term_string}"},"query-input":{"@type":"PropertyValueSpecification","valueRequired":true,"valueName":"search_term_string"}}],"inLanguage":"pl-PL"}]}},"_links":{"self":[{"href":"https:\/\/rte.pt\/pl\/wp-json\/wp\/v2\/pages\/272"}],"collection":[{"href":"https:\/\/rte.pt\/pl\/wp-json\/wp\/v2\/pages"}],"about":[{"href":"https:\/\/rte.pt\/pl\/wp-json\/wp\/v2\/types\/page"}],"author":[{"embeddable":true,"href":"https:\/\/rte.pt\/pl\/wp-json\/wp\/v2\/users\/1"}],"replies":[{"embeddable":true,"href":"https:\/\/rte.pt\/pl\/wp-json\/wp\/v2\/comments?post=272"}],"version-history":[{"count":19,"href":"https:\/\/rte.pt\/pl\/wp-json\/wp\/v2\/pages\/272\/revisions"}],"predecessor-version":[{"id":817,"href":"https:\/\/rte.pt\/pl\/wp-json\/wp\/v2\/pages\/272\/revisions\/817"}],"wp:attachment":[{"href":"https:\/\/rte.pt\/pl\/wp-json\/wp\/v2\/media?parent=272"}],"curies":[{"name":"wp","href":"https:\/\/api.w.org\/{rel}","templated":true}]}}