{"id":237,"date":"2024-07-16T19:12:19","date_gmt":"2024-07-16T19:12:19","guid":{"rendered":"https:\/\/rte.pt\/?page_id=237"},"modified":"2025-04-11T17:45:53","modified_gmt":"2025-04-11T17:45:53","slug":"pessoas","status":"publish","type":"page","link":"https:\/\/rte.pt\/pl\/ludzie\/","title":{"rendered":"Ludzie"},"content":{"rendered":"<div id=\"fws_69f29287c39b3\"  data-column-margin=\"default\" data-midnight=\"light\"  class=\"wpb_row vc_row-fluid vc_row full-width-section vc_row-o-full-height vc_row-o-columns-middle bg-animation--slight vc_row-o-equal-height vc_row-flex\"  style=\"padding-top: 0px; padding-bottom: 0px; \"><div class=\"row-bg-wrap\" data-bg-animation=\"zoom-out-reveal\" data-bg-animation-delay=\"\" data-bg-overlay=\"false\"><div class=\"inner-wrap row-bg-layer using-image\" ><div class=\"row-bg viewport-desktop using-image\"  style=\"background-image: url(https:\/\/rte.pt\/wp-content\/uploads\/2024\/08\/Group-48-1.webp); background-position: right bottom; background-repeat: no-repeat; \"><\/div><\/div><\/div><div class=\"row_col_wrap_12 col span_12 light left\">\n\t<div  class=\"vc_col-sm-12 wpb_column column_container vc_column_container col no-extra-padding inherit_tablet inherit_phone\"  data-padding-pos=\"all\" data-has-bg-color=\"false\" data-bg-color=\"\" data-bg-opacity=\"1\" data-animation=\"\" data-delay=\"0\" >\n\t\t<div class=\"vc_column-inner\" >\n\t\t\t<div class=\"wpb_wrapper\">\n\t\t\t\t<div id=\"fws_69f29287c3eb7\" data-midnight=\"\" data-column-margin=\"default\" class=\"wpb_row vc_row-fluid vc_row inner_row  max_width_desktop_60vw\"  style=\"padding-top: 10%; \"><div class=\"row-bg-wrap\"> <div class=\"row-bg\" ><\/div> <\/div><div class=\"row_col_wrap_12_inner col span_12  left\">\n\t<div  class=\"vc_col-sm-12 wpb_column column_container vc_column_container col child_column no-extra-padding inherit_tablet inherit_phone\"   data-padding-pos=\"all\" data-has-bg-color=\"false\" data-bg-color=\"\" data-bg-opacity=\"1\" data-animation=\"\" data-delay=\"0\" >\n\t\t<div class=\"vc_column-inner\" >\n\t\t<div class=\"wpb_wrapper\">\n\t\t\t<div class=\"nectar-split-heading\" data-align=\"default\" data-m-align=\"inherit\" data-text-effect=\"default\" data-animation-type=\"line-reveal-by-space\" data-animation-delay=\"0\" data-animation-offset=\"\" data-m-rm-animation=\"\" data-stagger=\"\" data-custom-font-size=\"false\" ><h2 style=\"max-width: 650px;\">Cenimy naszych pracownik\u00f3w<\/h2><\/div>\n\t\t<\/div> \n\t<\/div>\n\t<\/div> \n<\/div><\/div>\n\t\t\t<\/div> \n\t\t<\/div>\n\t<\/div> \n<\/div><\/div>\n\t\t<div id=\"fws_69f29287c4307\"  data-column-margin=\"default\" data-midnight=\"dark\"  class=\"wpb_row vc_row-fluid vc_row  right_padding_tablet_0px right_padding_phone_0px\"  style=\"padding-top: 60px; padding-bottom: 60px; \"><div class=\"row-bg-wrap\" data-bg-animation=\"none\" data-bg-animation-delay=\"\" data-bg-overlay=\"false\"><div class=\"inner-wrap row-bg-layer\" ><div class=\"row-bg viewport-desktop\"  style=\"\"><\/div><\/div><\/div><div class=\"row_col_wrap_12 col span_12 dark left\">\n\t<div  class=\"vc_col-sm-4 wpb_column column_container vc_column_container col no-extra-padding force-phone-text-align-center inherit_tablet inherit_phone\"  data-padding-pos=\"all\" data-has-bg-color=\"false\" data-bg-color=\"\" data-bg-opacity=\"1\" data-animation=\"\" data-delay=\"0\" >\n\t\t<div class=\"vc_column-inner\" >\n\t\t\t<div class=\"wpb_wrapper\">\n\t\t\t\t\n<div class=\"wpb_text_column wpb_content_element  wpb_animate_when_almost_visible wpb_fadeInUp fadeInUp\" >\n\t<div class=\"wpb_wrapper\">\n\t\t<h3>Ludzie<\/h3>\n\t<\/div>\n<\/div>\n\n\n\n\n\t\t\t<\/div> \n\t\t<\/div>\n\t<\/div> \n\n\t<div  class=\"vc_col-sm-8 wpb_column column_container vc_column_container col padding-8-percent force-phone-text-align-center no-extra-padding_tablet no-extra-padding_phone\"  data-padding-pos=\"right\" data-has-bg-color=\"false\" data-bg-color=\"\" data-bg-opacity=\"1\" data-animation=\"\" data-delay=\"0\" >\n\t\t<div class=\"vc_column-inner\" >\n\t\t\t<div class=\"wpb_wrapper\">\n\t\t\t\t\n<div class=\"wpb_text_column wpb_content_element  wpb_animate_when_almost_visible wpb_fadeInDown fadeInDown\" style=\" max-width: 600px; display: inline-block;\">\n\t<div class=\"wpb_wrapper\">\n\t\t<p>Priorytetowo traktujemy zdrowie naszych pracownik\u00f3w i inwestujemy w ich rozw\u00f3j zawodowy.<\/p>\n\t<\/div>\n<\/div>\n\n\n\n\n\t\t\t<\/div> \n\t\t<\/div>\n\t<\/div> \n<\/div><\/div>\n\t\t<div id=\"fws_69f29287c458e\"  data-column-margin=\"default\" data-midnight=\"dark\"  class=\"wpb_row vc_row-fluid vc_row  bottom_margin_100px\"  style=\"padding-top: 0px; padding-bottom: 0px; \"><div class=\"row-bg-wrap\" data-bg-animation=\"none\" data-bg-animation-delay=\"\" data-bg-overlay=\"false\"><div class=\"inner-wrap row-bg-layer\" ><div class=\"row-bg viewport-desktop\"  style=\"\"><\/div><\/div><\/div><div class=\"row_col_wrap_12 col span_12 dark left\">\n\t<div  class=\"vc_col-sm-12 wpb_column column_container vc_column_container col has-animation no-extra-padding inherit_tablet inherit_phone\"  data-padding-pos=\"all\" data-has-bg-color=\"false\" data-bg-color=\"\" data-bg-opacity=\"1\" data-animation=\"grow-in\" data-delay=\"0\" >\n\t\t<div class=\"vc_column-inner\" >\n\t\t\t<div class=\"wpb_wrapper\">\n\t\t\t\t<div class=\"nectar-video-box\" data-color=\"default-accent-color\"  data-play-button-size=\"default\" data-border-radius=\"none\" data-hover=\"defaut\" data-shadow=\"none\"><div class=\"inner-wrap\"><a href=\"https:\/\/rte.pt\/wp-content\/uploads\/2024\/11\/OCCUPATIONAL-HEALTH-RTE-PORTUGAL_1.webm\" class=\"full-link pp\"><\/a><img loading=\"lazy\" decoding=\"async\" width=\"1600\" height=\"858\" src=\"https:\/\/rte.pt\/wp-content\/uploads\/2024\/11\/Screenshot-2024-11-05-at-11.45.16-1.webp\" class=\"attachment-full size-full\" alt=\"\" srcset=\"https:\/\/rte.pt\/wp-content\/uploads\/2024\/11\/Screenshot-2024-11-05-at-11.45.16-1.webp 1600w, https:\/\/rte.pt\/wp-content\/uploads\/2024\/11\/Screenshot-2024-11-05-at-11.45.16-1-300x161.webp 300w, https:\/\/rte.pt\/wp-content\/uploads\/2024\/11\/Screenshot-2024-11-05-at-11.45.16-1-1024x549.webp 1024w, https:\/\/rte.pt\/wp-content\/uploads\/2024\/11\/Screenshot-2024-11-05-at-11.45.16-1-768x412.webp 768w, https:\/\/rte.pt\/wp-content\/uploads\/2024\/11\/Screenshot-2024-11-05-at-11.45.16-1-1536x824.webp 1536w, https:\/\/rte.pt\/wp-content\/uploads\/2024\/11\/Screenshot-2024-11-05-at-11.45.16-1-18x10.webp 18w\" sizes=\"(max-width: 1600px) 100vw, 1600px\" \/><a href=\"https:\/\/rte.pt\/wp-content\/uploads\/2024\/11\/OCCUPATIONAL-HEALTH-RTE-PORTUGAL_1.webm\"  data-style=\"default\" data-parent-hover=\"\" data-font-style=\"p\" data-color=\"default\" class=\"play_button_2 large nectar_video_lightbox pp\"><span><span class=\"screen-reader-text\">Odtw\u00f3rz wideo<\/span><span class=\"play\"><span class=\"inner-wrap inner\"><svg version=\"1.1\"\n\t xmlns=\"http:\/\/www.w3.org\/2000\/svg\" xmlns:xlink=\"http:\/\/www.w3.org\/1999\/xlink\" width=\"600px\" height=\"800px\" x=\"0px\" y=\"0px\" viewbox=\"0 0 600 800\" enable-background=\"new 0 0 600 800\" xml:space=\"preserve\"><path fill=\"none\" d=\"M0-1.79v800L600,395L0-1.79z\"><\/path> <\/svg><\/span><\/span><\/span><\/a><\/div><\/div>\n\t\t\t<\/div> \n\t\t<\/div>\n\t<\/div> \n<\/div><\/div>","protected":false},"excerpt":{"rendered":"Cenimy naszych pracownik\u00f3w Ludzie Bardzo cenimy zdrowie naszych pracownik\u00f3w i inwestujemy w rozw\u00f3j zawodowy tych, kt\u00f3rzy z nami pracuj\u0105. Odtw\u00f3rz wideo","protected":false},"author":1,"featured_media":0,"parent":0,"menu_order":0,"comment_status":"closed","ping_status":"closed","template":"","meta":{"footnotes":""},"class_list":["post-237","page","type-page","status-publish"],"yoast_head":"<!-- This site is optimized with the Yoast SEO plugin v24.3 - https:\/\/yoast.com\/wordpress\/plugins\/seo\/ -->\n<title>Pessoas - Sa\u00fade, Bem-estar e Desenvolvimento Profissional | RTE<\/title>\n<meta name=\"description\" content=\"Valorizamos profundamente a sa\u00fade dos nossos funcion\u00e1rios e investimos no desenvolvimento pessoal e profissional de quem trabalha connosco.\" \/>\n<meta name=\"robots\" content=\"index, follow, max-snippet:-1, max-image-preview:large, max-video-preview:-1\" \/>\n<link rel=\"canonical\" href=\"https:\/\/rte.pt\/pl\/ludzie\/\" \/>\n<meta property=\"og:locale\" content=\"pl_PL\" \/>\n<meta property=\"og:type\" content=\"article\" \/>\n<meta property=\"og:title\" content=\"Pessoas - Sa\u00fade, Bem-estar e Desenvolvimento Profissional | RTE\" \/>\n<meta property=\"og:description\" content=\"Valorizamos profundamente a sa\u00fade dos nossos funcion\u00e1rios e investimos no desenvolvimento pessoal e profissional de quem trabalha connosco.\" \/>\n<meta property=\"og:url\" content=\"https:\/\/rte.pt\/pl\/ludzie\/\" \/>\n<meta property=\"og:site_name\" content=\"RTE\" \/>\n<meta property=\"article:modified_time\" content=\"2025-04-11T17:45:53+00:00\" \/>\n<meta property=\"og:image\" content=\"https:\/\/rte.pt\/wp-content\/uploads\/2024\/11\/rteportugaldrone-15-1.webp\" \/>\n\t<meta property=\"og:image:width\" content=\"901\" \/>\n\t<meta property=\"og:image:height\" content=\"652\" \/>\n\t<meta property=\"og:image:type\" content=\"image\/webp\" \/>\n<meta name=\"twitter:card\" content=\"summary_large_image\" \/>\n<meta name=\"twitter:label1\" content=\"Szacowany czas czytania\" \/>\n\t<meta name=\"twitter:data1\" content=\"1 minuta\" \/>\n<script type=\"application\/ld+json\" class=\"yoast-schema-graph\">{\"@context\":\"https:\/\/schema.org\",\"@graph\":[{\"@type\":\"WebPage\",\"@id\":\"https:\/\/rte.pt\/pessoas\/\",\"url\":\"https:\/\/rte.pt\/pessoas\/\",\"name\":\"Pessoas - Sa\u00fade, Bem-estar e Desenvolvimento Profissional | RTE\",\"isPartOf\":{\"@id\":\"https:\/\/rte.pt\/#website\"},\"datePublished\":\"2024-07-16T19:12:19+00:00\",\"dateModified\":\"2025-04-11T17:45:53+00:00\",\"description\":\"Valorizamos profundamente a sa\u00fade dos nossos funcion\u00e1rios e investimos no desenvolvimento pessoal e profissional de quem trabalha connosco.\",\"breadcrumb\":{\"@id\":\"https:\/\/rte.pt\/pessoas\/#breadcrumb\"},\"inLanguage\":\"pl-PL\",\"potentialAction\":[{\"@type\":\"ReadAction\",\"target\":[\"https:\/\/rte.pt\/pessoas\/\"]}]},{\"@type\":\"BreadcrumbList\",\"@id\":\"https:\/\/rte.pt\/pessoas\/#breadcrumb\",\"itemListElement\":[{\"@type\":\"ListItem\",\"position\":1,\"name\":\"In\u00edcio\",\"item\":\"https:\/\/rte.pt\/\"},{\"@type\":\"ListItem\",\"position\":2,\"name\":\"Pessoas\"}]},{\"@type\":\"WebSite\",\"@id\":\"https:\/\/rte.pt\/#website\",\"url\":\"https:\/\/rte.pt\/\",\"name\":\"RTE\",\"description\":\"Delivering Cycling Solutions\",\"potentialAction\":[{\"@type\":\"SearchAction\",\"target\":{\"@type\":\"EntryPoint\",\"urlTemplate\":\"https:\/\/rte.pt\/?s={search_term_string}\"},\"query-input\":{\"@type\":\"PropertyValueSpecification\",\"valueRequired\":true,\"valueName\":\"search_term_string\"}}],\"inLanguage\":\"pl-PL\"}]}<\/script>\n<!-- \/ Yoast SEO plugin. -->","yoast_head_json":{"title":"Pessoas - Sa\u00fade, Bem-estar e Desenvolvimento Profissional | RTE","description":"Valorizamos profundamente a sa\u00fade dos nossos funcion\u00e1rios e investimos no desenvolvimento pessoal e profissional de quem trabalha connosco.","robots":{"index":"index","follow":"follow","max-snippet":"max-snippet:-1","max-image-preview":"max-image-preview:large","max-video-preview":"max-video-preview:-1"},"canonical":"https:\/\/rte.pt\/pl\/ludzie\/","og_locale":"pl_PL","og_type":"article","og_title":"Pessoas - Sa\u00fade, Bem-estar e Desenvolvimento Profissional | RTE","og_description":"Valorizamos profundamente a sa\u00fade dos nossos funcion\u00e1rios e investimos no desenvolvimento pessoal e profissional de quem trabalha connosco.","og_url":"https:\/\/rte.pt\/pl\/ludzie\/","og_site_name":"RTE","article_modified_time":"2025-04-11T17:45:53+00:00","og_image":[{"width":901,"height":652,"url":"https:\/\/rte.pt\/wp-content\/uploads\/2024\/11\/rteportugaldrone-15-1.webp","type":"image\/webp"}],"twitter_card":"summary_large_image","twitter_misc":{"Szacowany czas czytania":"1 minuta"},"schema":{"@context":"https:\/\/schema.org","@graph":[{"@type":"WebPage","@id":"https:\/\/rte.pt\/pessoas\/","url":"https:\/\/rte.pt\/pessoas\/","name":"Pessoas - Sa\u00fade, Bem-estar e Desenvolvimento Profissional | RTE","isPartOf":{"@id":"https:\/\/rte.pt\/#website"},"datePublished":"2024-07-16T19:12:19+00:00","dateModified":"2025-04-11T17:45:53+00:00","description":"Valorizamos profundamente a sa\u00fade dos nossos funcion\u00e1rios e investimos no desenvolvimento pessoal e profissional de quem trabalha connosco.","breadcrumb":{"@id":"https:\/\/rte.pt\/pessoas\/#breadcrumb"},"inLanguage":"pl-PL","potentialAction":[{"@type":"ReadAction","target":["https:\/\/rte.pt\/pessoas\/"]}]},{"@type":"BreadcrumbList","@id":"https:\/\/rte.pt\/pessoas\/#breadcrumb","itemListElement":[{"@type":"ListItem","position":1,"name":"In\u00edcio","item":"https:\/\/rte.pt\/"},{"@type":"ListItem","position":2,"name":"Pessoas"}]},{"@type":"WebSite","@id":"https:\/\/rte.pt\/#website","url":"https:\/\/rte.pt\/","name":"RTE","description":"Delivering Cycling Solutions","potentialAction":[{"@type":"SearchAction","target":{"@type":"EntryPoint","urlTemplate":"https:\/\/rte.pt\/?s={search_term_string}"},"query-input":{"@type":"PropertyValueSpecification","valueRequired":true,"valueName":"search_term_string"}}],"inLanguage":"pl-PL"}]}},"_links":{"self":[{"href":"https:\/\/rte.pt\/pl\/wp-json\/wp\/v2\/pages\/237"}],"collection":[{"href":"https:\/\/rte.pt\/pl\/wp-json\/wp\/v2\/pages"}],"about":[{"href":"https:\/\/rte.pt\/pl\/wp-json\/wp\/v2\/types\/page"}],"author":[{"embeddable":true,"href":"https:\/\/rte.pt\/pl\/wp-json\/wp\/v2\/users\/1"}],"replies":[{"embeddable":true,"href":"https:\/\/rte.pt\/pl\/wp-json\/wp\/v2\/comments?post=237"}],"version-history":[{"count":10,"href":"https:\/\/rte.pt\/pl\/wp-json\/wp\/v2\/pages\/237\/revisions"}],"predecessor-version":[{"id":653,"href":"https:\/\/rte.pt\/pl\/wp-json\/wp\/v2\/pages\/237\/revisions\/653"}],"wp:attachment":[{"href":"https:\/\/rte.pt\/pl\/wp-json\/wp\/v2\/media?parent=237"}],"curies":[{"name":"wp","href":"https:\/\/api.w.org\/{rel}","templated":true}]}}